{"id":890,"date":"2020-11-19T04:25:14","date_gmt":"2020-11-19T04:25:14","guid":{"rendered":"https:\/\/source.wpopal.com\/triply\/?page_id=890"},"modified":"2024-11-12T19:18:28","modified_gmt":"2024-11-12T18:18:28","slug":"kontakt","status":"publish","type":"page","link":"https:\/\/www.old.czarmaroka.com\/en\/kontakt\/","title":{"rendered":"CONTACT US"},"content":{"rendered":"<div data-elementor-type=\"wp-page\" data-elementor-id=\"890\" class=\"elementor elementor-890\" data-elementor-post-type=\"page\">\n\t\t\t\t\t\t<div class=\"elementor-section elementor-top-section elementor-element elementor-element-ba60d02 elementor-section-stretched elementor-section-boxed elementor-section-height-default elementor-section-height-default\" data-id=\"ba60d02\" data-element_type=\"section\" data-settings=\"{&quot;stretch_section&quot;:&quot;section-stretched&quot;,&quot;background_background&quot;:&quot;classic&quot;}\">\n\t\t\t\t\t\t<div class=\"elementor-container elementor-column-gap-no\">\n\t\t\t\t\t<div class=\"elementor-column elementor-col-50 elementor-top-column elementor-element elementor-element-f6ce288\" data-id=\"f6ce288\" data-element_type=\"column\" data-settings=\"{&quot;background_background&quot;:&quot;classic&quot;}\">\n\t\t\t<div class=\"elementor-widget-wrap elementor-element-populated\">\n\t\t\t\t\t\t<div class=\"elementor-element elementor-element-31a400b elementor-position-left elementor-view-default elementor-mobile-position-top elementor-widget elementor-widget-icon-box\" data-id=\"31a400b\" data-element_type=\"widget\" data-widget_type=\"icon-box.default\">\n\t\t\t\t<div class=\"elementor-widget-container\">\n\t\t\t\t\t\t\t<div class=\"elementor-icon-box-wrapper\">\n\n\t\t\t\t\t\t<div class=\"elementor-icon-box-icon\">\n\t\t\t\t<span  class=\"elementor-icon\">\n\t\t\t\t<i aria-hidden=\"true\" class=\"triply-icon- triply-icon-location-circle\"><\/i>\t\t\t\t<\/span>\n\t\t\t<\/div>\n\t\t\t\n\t\t\t\t\t\t<div class=\"elementor-icon-box-content\">\n\n\t\t\t\t\t\t\t\t\t<h3 class=\"elementor-icon-box-title\">\n\t\t\t\t\t\t<span  >\n\t\t\t\t\t\t\tAddress\t\t\t\t\t\t<\/span>\n\t\t\t\t\t<\/h3>\n\t\t\t\t\n\t\t\t\t\t\t\t\t\t<p class=\"elementor-icon-box-description\">\n\t\t\t\t\t\tOsiedle Bohater\u00f3w Wrze\u015bnia 31-621 Krak\u00f3w Poland\t\t\t\t\t<\/p>\n\t\t\t\t\n\t\t\t<\/div>\n\t\t\t\n\t\t<\/div>\n\t\t\t\t\t\t<\/div>\n\t\t\t\t<\/div>\n\t\t\t\t<div class=\"elementor-element elementor-element-67a9c7a elementor-position-left elementor-view-default elementor-mobile-position-top elementor-widget elementor-widget-icon-box\" data-id=\"67a9c7a\" data-element_type=\"widget\" data-widget_type=\"icon-box.default\">\n\t\t\t\t<div class=\"elementor-widget-container\">\n\t\t\t\t\t\t\t<div class=\"elementor-icon-box-wrapper\">\n\n\t\t\t\t\t\t<div class=\"elementor-icon-box-icon\">\n\t\t\t\t<a href=\"tel: 48577699108\" class=\"elementor-icon\" tabindex=\"-1\" aria-label=\"Phone: \">\n\t\t\t\t<i aria-hidden=\"true\" class=\"triply-icon- triply-icon-phone-rotary\"><\/i>\t\t\t\t<\/a>\n\t\t\t<\/div>\n\t\t\t\n\t\t\t\t\t\t<div class=\"elementor-icon-box-content\">\n\n\t\t\t\t\t\t\t\t\t<h3 class=\"elementor-icon-box-title\">\n\t\t\t\t\t\t<a href=\"tel: 48577699108\" >\n\t\t\t\t\t\t\tPhone: \t\t\t\t\t\t<\/a>\n\t\t\t\t\t<\/h3>\n\t\t\t\t\n\t\t\t\t\t\t\t\t\t<p class=\"elementor-icon-box-description\">\n\t\t\t\t\t\t+48 577 699 108\t\t\t\t\t<\/p>\n\t\t\t\t\n\t\t\t<\/div>\n\t\t\t\n\t\t<\/div>\n\t\t\t\t\t\t<\/div>\n\t\t\t\t<\/div>\n\t\t\t\t<div class=\"elementor-element elementor-element-50b3438 elementor-position-left elementor-view-default elementor-mobile-position-top elementor-widget elementor-widget-icon-box\" data-id=\"50b3438\" data-element_type=\"widget\" data-widget_type=\"icon-box.default\">\n\t\t\t\t<div class=\"elementor-widget-container\">\n\t\t\t\t\t\t\t<div class=\"elementor-icon-box-wrapper\">\n\n\t\t\t\t\t\t<div class=\"elementor-icon-box-icon\">\n\t\t\t\t<a href=\"mailto:Czarmaroka@outlook.com\" class=\"elementor-icon\" tabindex=\"-1\" aria-label=\"Email\">\n\t\t\t\t<i aria-hidden=\"true\" class=\"triply-icon- triply-icon-envelope-open\"><\/i>\t\t\t\t<\/a>\n\t\t\t<\/div>\n\t\t\t\n\t\t\t\t\t\t<div class=\"elementor-icon-box-content\">\n\n\t\t\t\t\t\t\t\t\t<h3 class=\"elementor-icon-box-title\">\n\t\t\t\t\t\t<a href=\"mailto:Czarmaroka@outlook.com\" >\n\t\t\t\t\t\t\tEmail\t\t\t\t\t\t<\/a>\n\t\t\t\t\t<\/h3>\n\t\t\t\t\n\t\t\t\t\t\t\t\t\t<p class=\"elementor-icon-box-description\">\n\t\t\t\t\t\tCzarmaroka@outlook.com\t\t\t\t\t<\/p>\n\t\t\t\t\n\t\t\t<\/div>\n\t\t\t\n\t\t<\/div>\n\t\t\t\t\t\t<\/div>\n\t\t\t\t<\/div>\n\t\t\t\t<div class=\"elementor-element elementor-element-5e98565 elementor-position-left elementor-view-default elementor-mobile-position-top elementor-widget elementor-widget-icon-box\" data-id=\"5e98565\" data-element_type=\"widget\" data-widget_type=\"icon-box.default\">\n\t\t\t\t<div class=\"elementor-widget-container\">\n\t\t\t\t\t\t\t<div class=\"elementor-icon-box-wrapper\">\n\n\t\t\t\t\t\t<div class=\"elementor-icon-box-icon\">\n\t\t\t\t<span  class=\"elementor-icon\">\n\t\t\t\t<i aria-hidden=\"true\" class=\"triply-icon- triply-icon-clock-time\"><\/i>\t\t\t\t<\/span>\n\t\t\t<\/div>\n\t\t\t\n\t\t\t\t\t\t<div class=\"elementor-icon-box-content\">\n\n\t\t\t\t\t\t\t\t\t<h3 class=\"elementor-icon-box-title\">\n\t\t\t\t\t\t<span  >\n\t\t\t\t\t\t\tOpening hours\t\t\t\t\t\t<\/span>\n\t\t\t\t\t<\/h3>\n\t\t\t\t\n\t\t\t\t\t\t\t\t\t<p class=\"elementor-icon-box-description\">\n\t\t\t\t\t\tPon.- Sob.: 10:00 - 20:00\t\t\t\t\t<\/p>\n\t\t\t\t\n\t\t\t<\/div>\n\t\t\t\n\t\t<\/div>\n\t\t\t\t\t\t<\/div>\n\t\t\t\t<\/div>\n\t\t\t\t\t<\/div>\n\t\t<\/div>\n\t\t\t\t<div class=\"elementor-column elementor-col-50 elementor-top-column elementor-element elementor-element-4c2fee1\" data-id=\"4c2fee1\" data-element_type=\"column\">\n\t\t\t<div class=\"elementor-widget-wrap elementor-element-populated\">\n\t\t\t\t\t\t<div class=\"elementor-element elementor-element-bbf83b1 elementor-widget elementor-widget-heading\" data-id=\"bbf83b1\" data-element_type=\"widget\" data-widget_type=\"heading.default\">\n\t\t\t\t<div class=\"elementor-widget-container\">\n\t\t\t\t\t<h2 class=\"elementor-heading-title elementor-size-default\">Send us a message<\/h2>\t\t\t\t<\/div>\n\t\t\t\t<\/div>\n\t\t\t\t<div class=\"elementor-element elementor-element-ea152d8 elementor-button-align-start elementor-mobile-button-align-center elementor-widget elementor-widget-form\" data-id=\"ea152d8\" data-element_type=\"widget\" data-settings=\"{&quot;step_next_label&quot;:&quot;Next&quot;,&quot;step_previous_label&quot;:&quot;Previous&quot;,&quot;button_width&quot;:&quot;100&quot;,&quot;step_type&quot;:&quot;number_text&quot;,&quot;step_icon_shape&quot;:&quot;circle&quot;}\" data-widget_type=\"form.default\">\n\t\t\t\t<div class=\"elementor-widget-container\">\n\t\t\t\t\t\t\t<form class=\"elementor-form\" method=\"post\" name=\"New Form\" action=\"\">\n\t\t\t<input type=\"hidden\" name=\"post_id\" value=\"890\"\/>\n\t\t\t<input type=\"hidden\" name=\"form_id\" value=\"ea152d8\"\/>\n\t\t\t<input type=\"hidden\" name=\"referer_title\" value=\"Kontakt - Czar Maroka\" \/>\n\n\t\t\t\t\t\t\t<input type=\"hidden\" name=\"queried_id\" value=\"890\"\/>\n\t\t\t\n\t\t\t<div class=\"elementor-form-fields-wrapper elementor-labels-above\">\n\t\t\t\t\t\t\t\t<div class=\"elementor-field-type-text elementor-field-group elementor-column elementor-field-group-name elementor-col-100 elementor-field-required elementor-mark-required\">\n\t\t\t\t\t\t\t\t\t\t\t\t\t<input size=\"1\" type=\"text\" name=\"form_fields[name]\" id=\"form-field-name\" class=\"elementor-field elementor-size-sm  elementor-field-textual\" placeholder=\"Your name\" required=\"required\" aria-required=\"true\">\n\t\t\t\t\t\t\t\t\t\t\t<\/div>\n\t\t\t\t\t\t\t\t<div class=\"elementor-field-type-email elementor-field-group elementor-column elementor-field-group-email elementor-col-100 elementor-field-required elementor-mark-required\">\n\t\t\t\t\t\t\t\t\t\t\t\t\t<input size=\"1\" type=\"email\" name=\"form_fields[email]\" id=\"form-field-email\" class=\"elementor-field elementor-size-sm  elementor-field-textual\" placeholder=\"Your email address\" required=\"required\" aria-required=\"true\">\n\t\t\t\t\t\t\t\t\t\t\t<\/div>\n\t\t\t\t\t\t\t\t<div class=\"elementor-field-type-textarea elementor-field-group elementor-column elementor-field-group-message elementor-col-100 elementor-field-required elementor-mark-required\">\n\t\t\t\t\t<textarea class=\"elementor-field-textual elementor-field  elementor-size-sm\" name=\"form_fields[message]\" id=\"form-field-message\" rows=\"6\" placeholder=\"Message\" required=\"required\" aria-required=\"true\"><\/textarea>\t\t\t\t<\/div>\n\t\t\t\t\t\t\t\t<div class=\"elementor-field-group elementor-column elementor-field-type-submit elementor-col-100 e-form__buttons\">\n\t\t\t\t\t<button class=\"elementor-button elementor-size-sm\" type=\"submit\">\n\t\t\t\t\t\t<span class=\"elementor-button-content-wrapper\">\n\t\t\t\t\t\t\t\t\t\t\t\t\t\t\t\t\t\t\t\t\t\t<span class=\"elementor-button-text\">Send<\/span>\n\t\t\t\t\t\t\t\t\t\t\t\t\t<\/span>\n\t\t\t\t\t<\/button>\n\t\t\t\t<\/div>\n\t\t\t<\/div>\n\t\t<input type=\"hidden\" name=\"trp-form-language\" value=\"en\"\/><\/form>\n\t\t\t\t\t\t<\/div>\n\t\t\t\t<\/div>\n\t\t\t\t\t<\/div>\n\t\t<\/div>\n\t\t\t\t\t<\/div>\n\t\t<\/div>\n\t\t\t\t<\/div>","protected":false},"excerpt":{"rendered":"<p>Adres Osiedle Bohater\u00f3w Wrze\u015bnia 31-621 Krak\u00f3w Poland Telefon: +48 577 699 108 Email Czarmaroka@outlook.com Godziny otwarcia Pon.- Sob.: 10:00 &#8211; 20:00 Wy\u015blij nam wiadomo\u015b\u0107<\/p>","protected":false},"author":2,"featured_media":11453,"parent":0,"menu_order":0,"comment_status":"closed","ping_status":"closed","template":"elementor_header_footer","meta":{"_monsterinsights_skip_tracking":false,"_monsterinsights_sitenote_active":false,"_monsterinsights_sitenote_note":"","_monsterinsights_sitenote_category":0,"footnotes":""},"class_list":["post-890","page","type-page","status-publish","has-post-thumbnail","hentry"],"yoast_head":"<!-- This site is optimized with the Yoast SEO plugin v26.0 - https:\/\/yoast.com\/wordpress\/plugins\/seo\/ -->\n<title>Kontakt - Czar Maroka<\/title>\n<meta name=\"description\" content=\"Skontaktuj si\u0119 z Czar Maroka, aby uzyska\u0107 informacje o wycieczkach i atrakcjach. Odkryj autentyczne pi\u0119kno Maroka razem z nami!\" \/>\n<meta name=\"robots\" content=\"index, follow, max-snippet:-1, max-image-preview:large, max-video-preview:-1\" \/>\n<link rel=\"canonical\" href=\"https:\/\/www.old.czarmaroka.com\/en\/kontakt\/\" \/>\n<meta property=\"og:locale\" content=\"en_US\" \/>\n<meta property=\"og:type\" content=\"article\" \/>\n<meta property=\"og:title\" content=\"Kontakt - Czar Maroka\" \/>\n<meta property=\"og:description\" content=\"Skontaktuj si\u0119 z Czar Maroka, aby uzyska\u0107 informacje o wycieczkach i atrakcjach. Odkryj autentyczne pi\u0119kno Maroka razem z nami!\" \/>\n<meta property=\"og:url\" content=\"https:\/\/www.old.czarmaroka.com\/en\/kontakt\/\" \/>\n<meta property=\"og:site_name\" content=\"Czar Maroka\" \/>\n<meta property=\"article:publisher\" content=\"https:\/\/www.facebook.com\/czarmaroka\" \/>\n<meta property=\"article:modified_time\" content=\"2024-11-12T18:18:28+00:00\" \/>\n<meta property=\"og:image\" content=\"https:\/\/www.old.czarmaroka.com\/wp-content\/uploads\/2024\/10\/IMG_1134-scaled.jpg\" \/>\n\t<meta property=\"og:image:width\" content=\"2560\" \/>\n\t<meta property=\"og:image:height\" content=\"1707\" \/>\n\t<meta property=\"og:image:type\" content=\"image\/jpeg\" \/>\n<meta name=\"twitter:card\" content=\"summary_large_image\" \/>\n<meta name=\"twitter:label1\" content=\"Est. reading time\" \/>\n\t<meta name=\"twitter:data1\" content=\"1 minute\" \/>\n<script type=\"application\/ld+json\" class=\"yoast-schema-graph\">{\"@context\":\"https:\/\/schema.org\",\"@graph\":[{\"@type\":\"WebPage\",\"@id\":\"https:\/\/www.old.czarmaroka.com\/kontakt\/\",\"url\":\"https:\/\/www.old.czarmaroka.com\/kontakt\/\",\"name\":\"Kontakt - Czar Maroka\",\"isPartOf\":{\"@id\":\"https:\/\/www.old.czarmaroka.com\/#website\"},\"primaryImageOfPage\":{\"@id\":\"https:\/\/www.old.czarmaroka.com\/kontakt\/#primaryimage\"},\"image\":{\"@id\":\"https:\/\/www.old.czarmaroka.com\/kontakt\/#primaryimage\"},\"thumbnailUrl\":\"https:\/\/www.old.czarmaroka.com\/wp-content\/uploads\/2024\/10\/IMG_1134-scaled.jpg\",\"datePublished\":\"2020-11-19T04:25:14+00:00\",\"dateModified\":\"2024-11-12T18:18:28+00:00\",\"description\":\"Skontaktuj si\u0119 z Czar Maroka, aby uzyska\u0107 informacje o wycieczkach i atrakcjach. Odkryj autentyczne pi\u0119kno Maroka razem z nami!\",\"breadcrumb\":{\"@id\":\"https:\/\/www.old.czarmaroka.com\/kontakt\/#breadcrumb\"},\"inLanguage\":\"en-US\",\"potentialAction\":[{\"@type\":\"ReadAction\",\"target\":[\"https:\/\/www.old.czarmaroka.com\/kontakt\/\"]}]},{\"@type\":\"ImageObject\",\"inLanguage\":\"en-US\",\"@id\":\"https:\/\/www.old.czarmaroka.com\/kontakt\/#primaryimage\",\"url\":\"https:\/\/www.old.czarmaroka.com\/wp-content\/uploads\/2024\/10\/IMG_1134-scaled.jpg\",\"contentUrl\":\"https:\/\/www.old.czarmaroka.com\/wp-content\/uploads\/2024\/10\/IMG_1134-scaled.jpg\",\"width\":2560,\"height\":1707},{\"@type\":\"BreadcrumbList\",\"@id\":\"https:\/\/www.old.czarmaroka.com\/kontakt\/#breadcrumb\",\"itemListElement\":[{\"@type\":\"ListItem\",\"position\":1,\"name\":\"Strona g\u0142\u00f3wna\",\"item\":\"https:\/\/www.old.czarmaroka.com\/\"},{\"@type\":\"ListItem\",\"position\":2,\"name\":\"Kontakt\"}]},{\"@type\":\"WebSite\",\"@id\":\"https:\/\/www.old.czarmaroka.com\/#website\",\"url\":\"https:\/\/www.old.czarmaroka.com\/\",\"name\":\"Czar Maroka\",\"description\":\"Organizator wycieczek Maroko wycieczki\",\"publisher\":{\"@id\":\"https:\/\/www.old.czarmaroka.com\/#organization\"},\"potentialAction\":[{\"@type\":\"SearchAction\",\"target\":{\"@type\":\"EntryPoint\",\"urlTemplate\":\"https:\/\/www.old.czarmaroka.com\/?s={search_term_string}\"},\"query-input\":{\"@type\":\"PropertyValueSpecification\",\"valueRequired\":true,\"valueName\":\"search_term_string\"}}],\"inLanguage\":\"en-US\"},{\"@type\":\"Organization\",\"@id\":\"https:\/\/www.old.czarmaroka.com\/#organization\",\"name\":\"Czar Maroka\",\"alternateName\":\"Czar Maroka\",\"url\":\"https:\/\/www.old.czarmaroka.com\/\",\"logo\":{\"@type\":\"ImageObject\",\"inLanguage\":\"en-US\",\"@id\":\"https:\/\/www.old.czarmaroka.com\/#\/schema\/logo\/image\/\",\"url\":\"https:\/\/www.old.czarmaroka.com\/wp-content\/uploads\/2024\/09\/logo-Czar-Maroka-Black.png\",\"contentUrl\":\"https:\/\/www.old.czarmaroka.com\/wp-content\/uploads\/2024\/09\/logo-Czar-Maroka-Black.png\",\"width\":500,\"height\":500,\"caption\":\"Czar Maroka\"},\"image\":{\"@id\":\"https:\/\/www.old.czarmaroka.com\/#\/schema\/logo\/image\/\"},\"sameAs\":[\"https:\/\/www.facebook.com\/czarmaroka\"]}]}<\/script>\n<!-- \/ Yoast SEO plugin. -->","yoast_head_json":{"title":"Kontakt - Czar Maroka","description":"Skontaktuj si\u0119 z Czar Maroka, aby uzyska\u0107 informacje o wycieczkach i atrakcjach. Odkryj autentyczne pi\u0119kno Maroka razem z nami!","robots":{"index":"index","follow":"follow","max-snippet":"max-snippet:-1","max-image-preview":"max-image-preview:large","max-video-preview":"max-video-preview:-1"},"canonical":"https:\/\/www.old.czarmaroka.com\/en\/kontakt\/","og_locale":"en_US","og_type":"article","og_title":"Kontakt - Czar Maroka","og_description":"Skontaktuj si\u0119 z Czar Maroka, aby uzyska\u0107 informacje o wycieczkach i atrakcjach. Odkryj autentyczne pi\u0119kno Maroka razem z nami!","og_url":"https:\/\/www.old.czarmaroka.com\/en\/kontakt\/","og_site_name":"Czar Maroka","article_publisher":"https:\/\/www.facebook.com\/czarmaroka","article_modified_time":"2024-11-12T18:18:28+00:00","og_image":[{"width":2560,"height":1707,"url":"https:\/\/www.old.czarmaroka.com\/wp-content\/uploads\/2024\/10\/IMG_1134-scaled.jpg","type":"image\/jpeg"}],"twitter_card":"summary_large_image","twitter_misc":{"Est. reading time":"1 minute"},"schema":{"@context":"https:\/\/schema.org","@graph":[{"@type":"WebPage","@id":"https:\/\/www.old.czarmaroka.com\/kontakt\/","url":"https:\/\/www.old.czarmaroka.com\/kontakt\/","name":"Kontakt - Czar Maroka","isPartOf":{"@id":"https:\/\/www.old.czarmaroka.com\/#website"},"primaryImageOfPage":{"@id":"https:\/\/www.old.czarmaroka.com\/kontakt\/#primaryimage"},"image":{"@id":"https:\/\/www.old.czarmaroka.com\/kontakt\/#primaryimage"},"thumbnailUrl":"https:\/\/www.old.czarmaroka.com\/wp-content\/uploads\/2024\/10\/IMG_1134-scaled.jpg","datePublished":"2020-11-19T04:25:14+00:00","dateModified":"2024-11-12T18:18:28+00:00","description":"Skontaktuj si\u0119 z Czar Maroka, aby uzyska\u0107 informacje o wycieczkach i atrakcjach. Odkryj autentyczne pi\u0119kno Maroka razem z nami!","breadcrumb":{"@id":"https:\/\/www.old.czarmaroka.com\/kontakt\/#breadcrumb"},"inLanguage":"en-US","potentialAction":[{"@type":"ReadAction","target":["https:\/\/www.old.czarmaroka.com\/kontakt\/"]}]},{"@type":"ImageObject","inLanguage":"en-US","@id":"https:\/\/www.old.czarmaroka.com\/kontakt\/#primaryimage","url":"https:\/\/www.old.czarmaroka.com\/wp-content\/uploads\/2024\/10\/IMG_1134-scaled.jpg","contentUrl":"https:\/\/www.old.czarmaroka.com\/wp-content\/uploads\/2024\/10\/IMG_1134-scaled.jpg","width":2560,"height":1707},{"@type":"BreadcrumbList","@id":"https:\/\/www.old.czarmaroka.com\/kontakt\/#breadcrumb","itemListElement":[{"@type":"ListItem","position":1,"name":"Strona g\u0142\u00f3wna","item":"https:\/\/www.old.czarmaroka.com\/"},{"@type":"ListItem","position":2,"name":"Kontakt"}]},{"@type":"WebSite","@id":"https:\/\/www.old.czarmaroka.com\/#website","url":"https:\/\/www.old.czarmaroka.com\/","name":"Czar Maroka","description":"Organizator wycieczek Maroko wycieczki","publisher":{"@id":"https:\/\/www.old.czarmaroka.com\/#organization"},"potentialAction":[{"@type":"SearchAction","target":{"@type":"EntryPoint","urlTemplate":"https:\/\/www.old.czarmaroka.com\/?s={search_term_string}"},"query-input":{"@type":"PropertyValueSpecification","valueRequired":true,"valueName":"search_term_string"}}],"inLanguage":"en-US"},{"@type":"Organization","@id":"https:\/\/www.old.czarmaroka.com\/#organization","name":"Czar Maroka","alternateName":"Czar Maroka","url":"https:\/\/www.old.czarmaroka.com\/","logo":{"@type":"ImageObject","inLanguage":"en-US","@id":"https:\/\/www.old.czarmaroka.com\/#\/schema\/logo\/image\/","url":"https:\/\/www.old.czarmaroka.com\/wp-content\/uploads\/2024\/09\/logo-Czar-Maroka-Black.png","contentUrl":"https:\/\/www.old.czarmaroka.com\/wp-content\/uploads\/2024\/09\/logo-Czar-Maroka-Black.png","width":500,"height":500,"caption":"Czar Maroka"},"image":{"@id":"https:\/\/www.old.czarmaroka.com\/#\/schema\/logo\/image\/"},"sameAs":["https:\/\/www.facebook.com\/czarmaroka"]}]}},"_links":{"self":[{"href":"https:\/\/www.old.czarmaroka.com\/en\/wp-json\/wp\/v2\/pages\/890","targetHints":{"allow":["GET"]}}],"collection":[{"href":"https:\/\/www.old.czarmaroka.com\/en\/wp-json\/wp\/v2\/pages"}],"about":[{"href":"https:\/\/www.old.czarmaroka.com\/en\/wp-json\/wp\/v2\/types\/page"}],"author":[{"embeddable":true,"href":"https:\/\/www.old.czarmaroka.com\/en\/wp-json\/wp\/v2\/users\/2"}],"replies":[{"embeddable":true,"href":"https:\/\/www.old.czarmaroka.com\/en\/wp-json\/wp\/v2\/comments?post=890"}],"version-history":[{"count":16,"href":"https:\/\/www.old.czarmaroka.com\/en\/wp-json\/wp\/v2\/pages\/890\/revisions"}],"predecessor-version":[{"id":11732,"href":"https:\/\/www.old.czarmaroka.com\/en\/wp-json\/wp\/v2\/pages\/890\/revisions\/11732"}],"wp:featuredmedia":[{"embeddable":true,"href":"https:\/\/www.old.czarmaroka.com\/en\/wp-json\/wp\/v2\/media\/11453"}],"wp:attachment":[{"href":"https:\/\/www.old.czarmaroka.com\/en\/wp-json\/wp\/v2\/media?parent=890"}],"curies":[{"name":"wp","href":"https:\/\/api.w.org\/{rel}","templated":true}]}}