{"id":11474,"date":"2024-10-18T16:11:50","date_gmt":"2024-10-18T15:11:50","guid":{"rendered":"https:\/\/www.old.czarmaroka.com\/?page_id=11474"},"modified":"2024-10-23T16:20:55","modified_gmt":"2024-10-23T15:20:55","slug":"dla-firm","status":"publish","type":"page","link":"https:\/\/www.old.czarmaroka.com\/en\/dla-firm\/","title":{"rendered":"FOR COMPANIES"},"content":{"rendered":"<div data-elementor-type=\"wp-page\" data-elementor-id=\"11474\" class=\"elementor elementor-11474\" data-elementor-post-type=\"page\">\n\t\t\t\t<div class=\"elementor-element elementor-element-211f711 e-flex e-con-boxed e-con e-parent\" data-id=\"211f711\" data-element_type=\"container\">\n\t\t\t\t\t<div class=\"e-con-inner\">\n\t\t<div class=\"elementor-element elementor-element-a6c2140 e-con-full e-flex e-con e-child\" data-id=\"a6c2140\" data-element_type=\"container\">\n\t\t\t\t<div class=\"elementor-element elementor-element-ad14a9e elementor-widget elementor-widget-heading\" data-id=\"ad14a9e\" data-element_type=\"widget\" data-widget_type=\"heading.default\">\n\t\t\t\t<div class=\"elementor-widget-container\">\n\t\t\t\t\t<h2 class=\"elementor-heading-title elementor-size-default\">FOR COMPANIES<\/h2>\t\t\t\t<\/div>\n\t\t\t\t<\/div>\n\t\t\t\t<\/div>\n\t\t\t\t\t<\/div>\n\t\t\t\t<\/div>\n\t\t<div class=\"elementor-element elementor-element-3eb5d9c e-flex e-con-boxed e-con e-parent\" data-id=\"3eb5d9c\" data-element_type=\"container\">\n\t\t\t\t\t<div class=\"e-con-inner\">\n\t\t<div class=\"elementor-element elementor-element-9c3e35c e-con-full e-flex e-con e-child\" data-id=\"9c3e35c\" data-element_type=\"container\">\n\t\t\t\t<div class=\"elementor-element elementor-element-be66d3b elementor-widget elementor-widget-image\" data-id=\"be66d3b\" data-element_type=\"widget\" data-widget_type=\"image.default\">\n\t\t\t\t<div class=\"elementor-widget-container\">\n\t\t\t\t\t\t\t\t\t\t\t\t\t\t\t<img decoding=\"async\" src=\"https:\/\/www.old.czarmaroka.com\/wp-content\/uploads\/elementor\/thumbs\/Fist-Bump-1-qvxrhjo4ube0ptv24er4telpydugz6xz9dixlsjfro.jpeg\" title=\"Fist Bump\" alt=\"Fist Bump\" loading=\"lazy\" \/>\t\t\t\t\t\t\t\t\t\t\t\t\t\t\t<\/div>\n\t\t\t\t<\/div>\n\t\t\t\t<\/div>\n\t\t<div class=\"elementor-element elementor-element-5a3c324 e-con-full e-flex e-con e-child\" data-id=\"5a3c324\" data-element_type=\"container\">\n\t\t\t\t<div class=\"elementor-element elementor-element-48902df elementor-widget elementor-widget-text-editor\" data-id=\"48902df\" data-element_type=\"widget\" data-widget_type=\"text-editor.default\">\n\t\t\t\t<div class=\"elementor-widget-container\">\n\t\t\t\t\t\t\t\t\t<p><strong>1. INTEGRATION TRIPS<\/strong><\/p><p>We offer corporate integration trips to Morocco, combining active recreation with team building. The program may include, for example: surfing lessons with professional instructors, yoga sessions, trips to local attractions, and traditional Moroccan dinners and much, much more. We provide accommodation, transport and full logistical support. Integration trips to Morocco are an ideal opportunity to strengthen team relationships in an exotic, inspiring setting.<\/p><p><a href=\"https:\/\/www.old.czarmaroka.com\/en\/kontakt\/\">Write to us for more information<\/a><\/p>\t\t\t\t\t\t\t\t<\/div>\n\t\t\t\t<\/div>\n\t\t\t\t<\/div>\n\t\t\t\t\t<\/div>\n\t\t\t\t<\/div>\n\t\t<div class=\"elementor-element elementor-element-6a7fcd4 e-flex e-con-boxed e-con e-parent\" data-id=\"6a7fcd4\" data-element_type=\"container\">\n\t\t\t\t\t<div class=\"e-con-inner\">\n\t\t<div class=\"elementor-element elementor-element-bd17895 e-con-full e-flex e-con e-child\" data-id=\"bd17895\" data-element_type=\"container\">\n\t\t\t\t<div class=\"elementor-element elementor-element-eeadff3 elementor-widget elementor-widget-image\" data-id=\"eeadff3\" data-element_type=\"widget\" data-widget_type=\"image.default\">\n\t\t\t\t<div class=\"elementor-widget-container\">\n\t\t\t\t\t\t\t\t\t\t\t\t\t\t\t<img loading=\"lazy\" decoding=\"async\" width=\"347\" height=\"346\" src=\"https:\/\/www.old.czarmaroka.com\/wp-content\/uploads\/2024\/10\/968424f0aac1ab51b0ca6e481ac6a6d3.jpg\" class=\"attachment-full size-full wp-image-11592\" alt=\"\" srcset=\"https:\/\/www.old.czarmaroka.com\/wp-content\/uploads\/2024\/10\/968424f0aac1ab51b0ca6e481ac6a6d3.jpg 347w, https:\/\/www.old.czarmaroka.com\/wp-content\/uploads\/2024\/10\/968424f0aac1ab51b0ca6e481ac6a6d3-300x300.jpg 300w, https:\/\/www.old.czarmaroka.com\/wp-content\/uploads\/2024\/10\/968424f0aac1ab51b0ca6e481ac6a6d3-150x150.jpg 150w, https:\/\/www.old.czarmaroka.com\/wp-content\/uploads\/2024\/10\/968424f0aac1ab51b0ca6e481ac6a6d3-12x12.jpg 12w, https:\/\/www.old.czarmaroka.com\/wp-content\/uploads\/2024\/10\/968424f0aac1ab51b0ca6e481ac6a6d3-100x100.jpg 100w\" sizes=\"auto, (max-width: 347px) 100vw, 347px\" \/>\t\t\t\t\t\t\t\t\t\t\t\t\t\t\t<\/div>\n\t\t\t\t<\/div>\n\t\t\t\t<\/div>\n\t\t<div class=\"elementor-element elementor-element-e96d612 e-con-full e-flex e-con e-child\" data-id=\"e96d612\" data-element_type=\"container\">\n\t\t\t\t<div class=\"elementor-element elementor-element-9ff6ede elementor-widget elementor-widget-text-editor\" data-id=\"9ff6ede\" data-element_type=\"widget\" data-widget_type=\"text-editor.default\">\n\t\t\t\t<div class=\"elementor-widget-container\">\n\t\t\t\t\t\t\t\t\t<p><strong>2. COOPERATION<\/strong><\/p><p>As a travel agency to Morocco, we are open to new opportunities for cooperation with other companies and organizations. We are happy to undertake joint projects that will allow us to develop our offers and enrich the experiences of our clients. We believe that cooperation with different partners can be beneficial to both parties, so we encourage you to contact us to discuss potential initiatives. Together we can create unforgettable experiences in the heart of Morocco!<\/p><p>Firmy, biura podr\u00f3\u017cy oraz osoby prywatne, kt\u00f3re s\u0105 zainteresowane wsp\u00f3\u0142prac\u0105 i chcia\u0142yby oferowa\u0107 nasze wycieczki swoim klientom, zach\u0119camy do kontaktu <a href=\"https:\/\/www.old.czarmaroka.com\/en\/kontakt\/\">KONTAKT<\/a><\/p>\t\t\t\t\t\t\t\t<\/div>\n\t\t\t\t<\/div>\n\t\t\t\t<\/div>\n\t\t\t\t\t<\/div>\n\t\t\t\t<\/div>\n\t\t\t\t<\/div>","protected":false},"excerpt":{"rendered":"<p>DLA FIRM 1. WYJAZDY INTEGRACYJNE Oferujemy organizacj\u0119 wyjazd\u00f3w integracyjnych dla firm do Maroka, \u0142\u0105cz\u0105c aktywny wypoczynek z budowaniem zespo\u0142u. Program mo\u017ce obejmowa\u0107 np.: lekcje surfingu z profesjonalnymi instruktorami, sesje jogi, wycieczki do lokalnych atrakcji, oraz tradycyjne maroka\u0144skie kolacje i wiele wiele wiecej.. Zapewniamy zakwaterowanie, transport oraz pe\u0142ne wsparcie logistyczne. Wyjazdy integracyjne do Maroka to idealna [&hellip;]<\/p>","protected":false},"author":2,"featured_media":0,"parent":0,"menu_order":0,"comment_status":"closed","ping_status":"closed","template":"","meta":{"_monsterinsights_skip_tracking":false,"_monsterinsights_sitenote_active":false,"_monsterinsights_sitenote_note":"","_monsterinsights_sitenote_category":0,"footnotes":""},"class_list":["post-11474","page","type-page","status-publish","hentry"],"yoast_head":"<!-- This site is optimized with the Yoast SEO plugin v26.0 - https:\/\/yoast.com\/wordpress\/plugins\/seo\/ -->\n<title>DLA FIRM - Czar Maroka<\/title>\n<meta name=\"robots\" content=\"index, follow, max-snippet:-1, max-image-preview:large, max-video-preview:-1\" \/>\n<link rel=\"canonical\" href=\"https:\/\/www.old.czarmaroka.com\/en\/dla-firm\/\" \/>\n<meta property=\"og:locale\" content=\"en_US\" \/>\n<meta property=\"og:type\" content=\"article\" \/>\n<meta property=\"og:title\" content=\"DLA FIRM - Czar Maroka\" \/>\n<meta property=\"og:description\" content=\"DLA FIRM 1. WYJAZDY INTEGRACYJNE Oferujemy organizacj\u0119 wyjazd\u00f3w integracyjnych dla firm do Maroka, \u0142\u0105cz\u0105c aktywny wypoczynek z budowaniem zespo\u0142u. Program mo\u017ce obejmowa\u0107 np.: lekcje surfingu z profesjonalnymi instruktorami, sesje jogi, wycieczki do lokalnych atrakcji, oraz tradycyjne maroka\u0144skie kolacje i wiele wiele wiecej.. Zapewniamy zakwaterowanie, transport oraz pe\u0142ne wsparcie logistyczne. Wyjazdy integracyjne do Maroka to idealna [&hellip;]\" \/>\n<meta property=\"og:url\" content=\"https:\/\/www.old.czarmaroka.com\/en\/dla-firm\/\" \/>\n<meta property=\"og:site_name\" content=\"Czar Maroka\" \/>\n<meta property=\"article:publisher\" content=\"https:\/\/www.facebook.com\/czarmaroka\" \/>\n<meta property=\"article:modified_time\" content=\"2024-10-23T15:20:55+00:00\" \/>\n<meta property=\"og:image\" content=\"https:\/\/www.old.czarmaroka.com\/wp-content\/uploads\/elementor\/thumbs\/Fist-Bump-1-qvxrhjo4ube0ptv24er4telpydugz6xz9dixlsjfro.jpeg\" \/>\n<meta name=\"twitter:card\" content=\"summary_large_image\" \/>\n<meta name=\"twitter:label1\" content=\"Est. reading time\" \/>\n\t<meta name=\"twitter:data1\" content=\"1 minute\" \/>\n<script type=\"application\/ld+json\" class=\"yoast-schema-graph\">{\"@context\":\"https:\/\/schema.org\",\"@graph\":[{\"@type\":\"WebPage\",\"@id\":\"https:\/\/www.old.czarmaroka.com\/dla-firm\/\",\"url\":\"https:\/\/www.old.czarmaroka.com\/dla-firm\/\",\"name\":\"DLA FIRM - Czar Maroka\",\"isPartOf\":{\"@id\":\"https:\/\/www.old.czarmaroka.com\/#website\"},\"primaryImageOfPage\":{\"@id\":\"https:\/\/www.old.czarmaroka.com\/dla-firm\/#primaryimage\"},\"image\":{\"@id\":\"https:\/\/www.old.czarmaroka.com\/dla-firm\/#primaryimage\"},\"thumbnailUrl\":\"https:\/\/www.old.czarmaroka.com\/wp-content\/uploads\/elementor\/thumbs\/Fist-Bump-1-qvxrhjo4ube0ptv24er4telpydugz6xz9dixlsjfro.jpeg\",\"datePublished\":\"2024-10-18T15:11:50+00:00\",\"dateModified\":\"2024-10-23T15:20:55+00:00\",\"breadcrumb\":{\"@id\":\"https:\/\/www.old.czarmaroka.com\/dla-firm\/#breadcrumb\"},\"inLanguage\":\"en-US\",\"potentialAction\":[{\"@type\":\"ReadAction\",\"target\":[\"https:\/\/www.old.czarmaroka.com\/dla-firm\/\"]}]},{\"@type\":\"ImageObject\",\"inLanguage\":\"en-US\",\"@id\":\"https:\/\/www.old.czarmaroka.com\/dla-firm\/#primaryimage\",\"url\":\"https:\/\/www.old.czarmaroka.com\/wp-content\/uploads\/elementor\/thumbs\/Fist-Bump-1-qvxrhjo4ube0ptv24er4telpydugz6xz9dixlsjfro.jpeg\",\"contentUrl\":\"https:\/\/www.old.czarmaroka.com\/wp-content\/uploads\/elementor\/thumbs\/Fist-Bump-1-qvxrhjo4ube0ptv24er4telpydugz6xz9dixlsjfro.jpeg\"},{\"@type\":\"BreadcrumbList\",\"@id\":\"https:\/\/www.old.czarmaroka.com\/dla-firm\/#breadcrumb\",\"itemListElement\":[{\"@type\":\"ListItem\",\"position\":1,\"name\":\"Strona g\u0142\u00f3wna\",\"item\":\"https:\/\/www.old.czarmaroka.com\/\"},{\"@type\":\"ListItem\",\"position\":2,\"name\":\"DLA FIRM\"}]},{\"@type\":\"WebSite\",\"@id\":\"https:\/\/www.old.czarmaroka.com\/#website\",\"url\":\"https:\/\/www.old.czarmaroka.com\/\",\"name\":\"Czar Maroka\",\"description\":\"Organizator wycieczek Maroko wycieczki\",\"publisher\":{\"@id\":\"https:\/\/www.old.czarmaroka.com\/#organization\"},\"potentialAction\":[{\"@type\":\"SearchAction\",\"target\":{\"@type\":\"EntryPoint\",\"urlTemplate\":\"https:\/\/www.old.czarmaroka.com\/?s={search_term_string}\"},\"query-input\":{\"@type\":\"PropertyValueSpecification\",\"valueRequired\":true,\"valueName\":\"search_term_string\"}}],\"inLanguage\":\"en-US\"},{\"@type\":\"Organization\",\"@id\":\"https:\/\/www.old.czarmaroka.com\/#organization\",\"name\":\"Czar Maroka\",\"alternateName\":\"Czar Maroka\",\"url\":\"https:\/\/www.old.czarmaroka.com\/\",\"logo\":{\"@type\":\"ImageObject\",\"inLanguage\":\"en-US\",\"@id\":\"https:\/\/www.old.czarmaroka.com\/#\/schema\/logo\/image\/\",\"url\":\"https:\/\/www.old.czarmaroka.com\/wp-content\/uploads\/2024\/09\/logo-Czar-Maroka-Black.png\",\"contentUrl\":\"https:\/\/www.old.czarmaroka.com\/wp-content\/uploads\/2024\/09\/logo-Czar-Maroka-Black.png\",\"width\":500,\"height\":500,\"caption\":\"Czar Maroka\"},\"image\":{\"@id\":\"https:\/\/www.old.czarmaroka.com\/#\/schema\/logo\/image\/\"},\"sameAs\":[\"https:\/\/www.facebook.com\/czarmaroka\"]}]}<\/script>\n<!-- \/ Yoast SEO plugin. -->","yoast_head_json":{"title":"DLA FIRM - Czar Maroka","robots":{"index":"index","follow":"follow","max-snippet":"max-snippet:-1","max-image-preview":"max-image-preview:large","max-video-preview":"max-video-preview:-1"},"canonical":"https:\/\/www.old.czarmaroka.com\/en\/dla-firm\/","og_locale":"en_US","og_type":"article","og_title":"DLA FIRM - Czar Maroka","og_description":"DLA FIRM 1. WYJAZDY INTEGRACYJNE Oferujemy organizacj\u0119 wyjazd\u00f3w integracyjnych dla firm do Maroka, \u0142\u0105cz\u0105c aktywny wypoczynek z budowaniem zespo\u0142u. Program mo\u017ce obejmowa\u0107 np.: lekcje surfingu z profesjonalnymi instruktorami, sesje jogi, wycieczki do lokalnych atrakcji, oraz tradycyjne maroka\u0144skie kolacje i wiele wiele wiecej.. Zapewniamy zakwaterowanie, transport oraz pe\u0142ne wsparcie logistyczne. Wyjazdy integracyjne do Maroka to idealna [&hellip;]","og_url":"https:\/\/www.old.czarmaroka.com\/en\/dla-firm\/","og_site_name":"Czar Maroka","article_publisher":"https:\/\/www.facebook.com\/czarmaroka","article_modified_time":"2024-10-23T15:20:55+00:00","og_image":[{"url":"https:\/\/www.old.czarmaroka.com\/wp-content\/uploads\/elementor\/thumbs\/Fist-Bump-1-qvxrhjo4ube0ptv24er4telpydugz6xz9dixlsjfro.jpeg","type":"","width":"","height":""}],"twitter_card":"summary_large_image","twitter_misc":{"Est. reading time":"1 minute"},"schema":{"@context":"https:\/\/schema.org","@graph":[{"@type":"WebPage","@id":"https:\/\/www.old.czarmaroka.com\/dla-firm\/","url":"https:\/\/www.old.czarmaroka.com\/dla-firm\/","name":"DLA FIRM - Czar Maroka","isPartOf":{"@id":"https:\/\/www.old.czarmaroka.com\/#website"},"primaryImageOfPage":{"@id":"https:\/\/www.old.czarmaroka.com\/dla-firm\/#primaryimage"},"image":{"@id":"https:\/\/www.old.czarmaroka.com\/dla-firm\/#primaryimage"},"thumbnailUrl":"https:\/\/www.old.czarmaroka.com\/wp-content\/uploads\/elementor\/thumbs\/Fist-Bump-1-qvxrhjo4ube0ptv24er4telpydugz6xz9dixlsjfro.jpeg","datePublished":"2024-10-18T15:11:50+00:00","dateModified":"2024-10-23T15:20:55+00:00","breadcrumb":{"@id":"https:\/\/www.old.czarmaroka.com\/dla-firm\/#breadcrumb"},"inLanguage":"en-US","potentialAction":[{"@type":"ReadAction","target":["https:\/\/www.old.czarmaroka.com\/dla-firm\/"]}]},{"@type":"ImageObject","inLanguage":"en-US","@id":"https:\/\/www.old.czarmaroka.com\/dla-firm\/#primaryimage","url":"https:\/\/www.old.czarmaroka.com\/wp-content\/uploads\/elementor\/thumbs\/Fist-Bump-1-qvxrhjo4ube0ptv24er4telpydugz6xz9dixlsjfro.jpeg","contentUrl":"https:\/\/www.old.czarmaroka.com\/wp-content\/uploads\/elementor\/thumbs\/Fist-Bump-1-qvxrhjo4ube0ptv24er4telpydugz6xz9dixlsjfro.jpeg"},{"@type":"BreadcrumbList","@id":"https:\/\/www.old.czarmaroka.com\/dla-firm\/#breadcrumb","itemListElement":[{"@type":"ListItem","position":1,"name":"Strona g\u0142\u00f3wna","item":"https:\/\/www.old.czarmaroka.com\/"},{"@type":"ListItem","position":2,"name":"DLA FIRM"}]},{"@type":"WebSite","@id":"https:\/\/www.old.czarmaroka.com\/#website","url":"https:\/\/www.old.czarmaroka.com\/","name":"Czar Maroka","description":"Organizator wycieczek Maroko wycieczki","publisher":{"@id":"https:\/\/www.old.czarmaroka.com\/#organization"},"potentialAction":[{"@type":"SearchAction","target":{"@type":"EntryPoint","urlTemplate":"https:\/\/www.old.czarmaroka.com\/?s={search_term_string}"},"query-input":{"@type":"PropertyValueSpecification","valueRequired":true,"valueName":"search_term_string"}}],"inLanguage":"en-US"},{"@type":"Organization","@id":"https:\/\/www.old.czarmaroka.com\/#organization","name":"Czar Maroka","alternateName":"Czar Maroka","url":"https:\/\/www.old.czarmaroka.com\/","logo":{"@type":"ImageObject","inLanguage":"en-US","@id":"https:\/\/www.old.czarmaroka.com\/#\/schema\/logo\/image\/","url":"https:\/\/www.old.czarmaroka.com\/wp-content\/uploads\/2024\/09\/logo-Czar-Maroka-Black.png","contentUrl":"https:\/\/www.old.czarmaroka.com\/wp-content\/uploads\/2024\/09\/logo-Czar-Maroka-Black.png","width":500,"height":500,"caption":"Czar Maroka"},"image":{"@id":"https:\/\/www.old.czarmaroka.com\/#\/schema\/logo\/image\/"},"sameAs":["https:\/\/www.facebook.com\/czarmaroka"]}]}},"_links":{"self":[{"href":"https:\/\/www.old.czarmaroka.com\/en\/wp-json\/wp\/v2\/pages\/11474","targetHints":{"allow":["GET"]}}],"collection":[{"href":"https:\/\/www.old.czarmaroka.com\/en\/wp-json\/wp\/v2\/pages"}],"about":[{"href":"https:\/\/www.old.czarmaroka.com\/en\/wp-json\/wp\/v2\/types\/page"}],"author":[{"embeddable":true,"href":"https:\/\/www.old.czarmaroka.com\/en\/wp-json\/wp\/v2\/users\/2"}],"replies":[{"embeddable":true,"href":"https:\/\/www.old.czarmaroka.com\/en\/wp-json\/wp\/v2\/comments?post=11474"}],"version-history":[{"count":37,"href":"https:\/\/www.old.czarmaroka.com\/en\/wp-json\/wp\/v2\/pages\/11474\/revisions"}],"predecessor-version":[{"id":11654,"href":"https:\/\/www.old.czarmaroka.com\/en\/wp-json\/wp\/v2\/pages\/11474\/revisions\/11654"}],"wp:attachment":[{"href":"https:\/\/www.old.czarmaroka.com\/en\/wp-json\/wp\/v2\/media?parent=11474"}],"curies":[{"name":"wp","href":"https:\/\/api.w.org\/{rel}","templated":true}]}}